{"id":14358,"date":"2018-10-14T15:29:47","date_gmt":"2018-10-14T13:29:47","guid":{"rendered":"https:\/\/aarch.dk\/om-skolen-2\/"},"modified":"2025-03-24T14:32:40","modified_gmt":"2025-03-24T13:32:40","slug":"about","status":"publish","type":"page","link":"https:\/\/aarch.dk\/en\/about\/","title":{"rendered":"About the school"},"content":{"rendered":"<div id='av-layout-grid-1'  class='av-layout-grid-container entry-content-wrapper main_color av-flex-cells     avia-builder-el-0  el_before_av_layout_row  avia-builder-el-first  hide-below-tablet-1024 container_wrap fullsize' style=' '  >\n<div class=\"flex_cell no_margin av_one_half  avia-builder-el-1  el_before_av_cell_one_half  avia-builder-el-first  grid-cell-30 videoBg  avia-full-stretch av-zero-padding \"  style='background:url(https:\/\/aarch.dk\/wp-content\/uploads\/2019\/03\/OmSKolen_950x650_10.jpg) top left no-repeat scroll #e1592d; vertical-align:bottom; padding:0px; background-color:#e1592d; ' ><div class='flex_cell_inner' ><\/div><\/div><div class=\"flex_cell no_margin av_one_half  avia-builder-el-2  el_after_av_cell_one_half  avia-builder-el-last  header-distance  av-zero-padding \"  style='background: #e1592d; vertical-align:middle; padding:0px; background-color:#e1592d; ' ><div class='flex_cell_inner' ><div class=\"flex_column av_one_full  flex_column_div av-zero-column-padding first  avia-builder-el-3  avia-builder-el-no-sibling  grid-row-0-90-80 \" style='border-radius:0px; '><section class=\"av_textblock_section \"  itemscope=\"itemscope\" itemtype=\"https:\/\/schema.org\/CreativeWork\" ><div class='avia_textblock  '   itemprop=\"text\" ><h1 class=\"font-size-xl-large color-61\" style=\"text-align: center;\"><span style=\"color: #ffffff;\"><strong>ALL ABOUT<br \/>\nTHE\u00a0<\/strong><\/span><strong>SCHOOL<\/strong><\/h1>\n<h4 class=\"margin-bottom-0 color-00\" style=\"text-align: center;\">Aarhus School of Architecture offers an academic education centred around three approaches to architecture &#8211; An artistic, a scientific, and a practice-based.<\/h4>\n<\/div><\/section><\/div>\n<\/div><\/div>\n<\/div>\n<div id='av-layout-grid-2'  class='av-layout-grid-container entry-content-wrapper main_color av-flex-cells     avia-builder-el-5  el_after_av_layout_row  el_before_av_layout_row  show-below-tablet-1024 submenu-not-first container_wrap fullsize' style=' '  >\n<div class=\"flex_cell no_margin av_one_full  avia-builder-el-6  avia-builder-el-no-sibling  header-distance invalid-custom-class-found  av-zero-padding \"  style='background: #e1592d; vertical-align:middle; padding:0px; background-color:#e1592d; ' ><div class='flex_cell_inner' ><p><div  style='height:50px' class='hr hr-invisible  av-desktop-hide av-medium-hide av-small-hide  avia-builder-el-7  el_before_av_hr  avia-builder-el-first '><span class='hr-inner ' ><span class='hr-inner-style'><\/span><\/span><\/div><br \/>\n<div  style='height:30px' class='hr hr-invisible  av-desktop-hide av-medium-hide av-mini-hide  avia-builder-el-8  el_after_av_hr  el_before_av_one_full '><span class='hr-inner ' ><span class='hr-inner-style'><\/span><\/span><\/div><br \/>\n<div class=\"flex_column av_one_full  flex_column_div av-zero-column-padding first  avia-builder-el-9  el_after_av_hr  avia-builder-el-last  grid-row-0-90-80 \" style='border-radius:0px; '><section class=\"av_textblock_section \"  itemscope=\"itemscope\" itemtype=\"https:\/\/schema.org\/CreativeWork\" ><div class='avia_textblock  '   itemprop=\"text\" ><h1 class=\"color-00 font-size-xl-large\" style=\"text-align: center;\"><em><strong>ABOUT<br \/>\n<\/strong><\/em><strong class=\"color-61\">THE SCHOOL<\/strong><\/h1>\n<h4 class=\"margin-bottom-0 color-00\" style=\"text-align: center;\">Aarhus School of Architecture offers an academic education centred around three approaches to architecture &#8211; An artistic, a scientific, and a practice-based.<\/h4>\n<\/div><\/section><\/div><\/p>\n<\/div><\/div>\n<\/div>\n<div id='av-layout-grid-3'  class='av-layout-grid-container entry-content-wrapper main_color av-flex-cells     avia-builder-el-11  el_after_av_layout_row  el_before_av_section  show-below-tablet-1024 submenu-not-first container_wrap fullsize' style=' '  >\n<div class=\"flex_cell no_margin av_one_full  avia-builder-el-12  avia-builder-el-no-sibling  grid-cell-30 videoBlock invalid-custom-class-found  avia-full-stretch av-zero-padding \"  style='background:url(https:\/\/aarch.dk\/wp-content\/uploads\/2019\/03\/OmSKolen_950x650_09.jpg) center center no-repeat scroll #e1592d; vertical-align:bottom; padding:0px; background-color:#e1592d; ' ><div class='flex_cell_inner' ><div class=\"flex_column av_one_full  flex_column_div av-zero-column-padding first  avia-builder-el-13  avia-builder-el-no-sibling  \" style='border-radius:0px; '><section class=\"av_textblock_section  av-desktop-hide av-medium-hide av-small-hide av-mini-hide\"  itemscope=\"itemscope\" itemtype=\"https:\/\/schema.org\/CreativeWork\" ><div class='avia_textblock  '   itemprop=\"text\" ><p><a class=\"buttonVideoPlayerBlack buttonVideoPlayer\" href=\"https:\/\/vimeo.com\/304547858\" rel=\"lightbox\">Watch video about the school<\/a><\/p>\n<\/div><\/section><\/div>\n<\/div><\/div>\n<\/div>\n<div id='av_section_1'  class='avia-section main_color avia-section-default avia-no-border-styling  avia-bg-style-scroll  avia-builder-el-15  el_after_av_layout_row  el_before_av_section  color-section-40 hide-bg-img-1440 no-bg-ie  container_wrap fullsize' style='background-color: #f2f2f0;  '  ><div class='container' ><div class='template-page content  av-content-full alpha units'><div class='post-entry post-entry-type-page post-entry-14358'><div class='entry-content-wrapper clearfix'>\n<div class=\"flex_column av_three_fifth  flex_column_div first  avia-builder-el-16  el_before_av_two_fifth  avia-builder-el-first  \" style='padding:0px 0px 0px 0px ; border-radius:0px; '><section class=\"av_textblock_section \"  itemscope=\"itemscope\" itemtype=\"https:\/\/schema.org\/CreativeWork\" ><div class='avia_textblock  '   itemprop=\"text\" ><p><strong>Our vision<br \/>\n<\/strong>We believe that architecture should influence the world and create sustainable settings for people who live in it. This is why we educate architects who, through new ideas and relevant solutions, can create value for the community in a changing world.<\/p>\n<\/div><\/section><\/div><div class=\"flex_column av_two_fifth  flex_column_div av-zero-column-padding   avia-builder-el-18  el_after_av_three_fifth  avia-builder-el-last  \" style='border-radius:0px; '><div  class='avia-button-wrap avia-button-center  avia-builder-el-19  avia-builder-el-no-sibling ' ><a href='https:\/\/aarch.dk\/en\/vision\/'  class='avia-button   avia-icon_select-no avia-color-theme-color avia-size-medium avia-position-center '   ><span class='avia_iconbox_title' >The vision<\/span><\/a><\/div><\/div>\n\n<\/div><\/div><\/div><!-- close content main div --><\/div><\/div><div id='av_section_2'  class='avia-section main_color avia-section-default avia-no-border-styling  avia-bg-style-scroll  avia-builder-el-20  el_after_av_section  el_before_av_section  section-label section-label-top-50  av-mini-hide container_wrap fullsize' style=' '  ><div class='container' ><div class='template-page content  av-content-full alpha units'><div class='post-entry post-entry-type-page post-entry-14358'><div class='entry-content-wrapper clearfix'>\n<section class=\"av_textblock_section \"  itemscope=\"itemscope\" itemtype=\"https:\/\/schema.org\/CreativeWork\" ><div class='avia_textblock  '   itemprop=\"text\" ><p class=\"section-label-text\">About the school<\/p>\n<\/div><\/section>\n\n<\/div><\/div><\/div><!-- close content main div --><\/div><\/div><div id='av_section_3'  class='avia-section main_color avia-section-large avia-no-border-styling  avia-bg-style-scroll  avia-builder-el-22  el_after_av_section  el_before_av_one_full  content-padding-top-50  container_wrap fullsize' style=' '  ><div class='container' ><div class='template-page content  av-content-full alpha units'><div class='post-entry post-entry-type-page post-entry-14358'><div class='entry-content-wrapper clearfix'>\n<div class='flex_column_table av-equal-height-column-flextable -flextable' ><div class=\"flex_column av_three_fifth  flex_column_table_cell av-equal-height-column av-align-top av-zero-column-padding first  avia-builder-el-23  el_before_av_two_fifth  avia-builder-el-first  \" style='border-radius:0px; '><section class=\"av_textblock_section \"  itemscope=\"itemscope\" itemtype=\"https:\/\/schema.org\/CreativeWork\" ><div class='avia_textblock  '   itemprop=\"text\" ><h2 class=\"color-59 font-size-x-large\"><strong>A SCANDINAVIAN<br \/>\nELITE INSTITUTION<br \/>\nFOR\u00a0<\/strong><strong>ARCHITECTURE<br \/>\nDEVELOPMENT<\/strong><\/h2>\n<\/div><\/section><\/div><div class='av-flex-placeholder'><\/div><div class=\"flex_column av_two_fifth  flex_column_table_cell av-equal-height-column av-align-top av-zero-column-padding   avia-builder-el-25  el_after_av_three_fifth  avia-builder-el-last  \" style='border-radius:0px; '><section class=\"av_textblock_section \"  itemscope=\"itemscope\" itemtype=\"https:\/\/schema.org\/CreativeWork\" ><div class='avia_textblock  '   itemprop=\"text\" ><ul class=\"ul-list-buttons\">\n<li style=\"list-style-type: none;\">\n<ul class=\"ul-list-buttons\">\n<li><a href=\"https:\/\/aarch.dk\/en\/school-map\/\">SCHOOL MAP<\/a><\/li>\n<li><a href=\"https:\/\/aarch.dk\/en\/school-facilities-billedgalleri\/\">SCHOOL FACILITIES<\/a><\/li>\n<li><a href=\"https:\/\/aarch.dk\/en\/staff\/\">FIND STAFF<\/a><\/li>\n<li><a href=\"https:\/\/aarch.varbi.com\/\" target=\"_blank\" rel=\"noopener\">AVAILABLE POSITIONS<\/a><\/li>\n<li><a href=\"#strategy\">\u00a0STRATEGY &amp; DEVELOPMENT<\/a><\/li>\n<\/ul>\n<\/li>\n<\/ul>\n<\/div><\/section><\/div><\/div><!--close column table wrapper. Autoclose: 1 -->\n<\/div><\/div><\/div><!-- close content main div --><\/div><\/div><div id='after_section_3'  class='main_color av_default_container_wrap container_wrap fullsize' style=' '  ><div class='container' ><div class='template-page content  av-content-full alpha units'><div class='post-entry post-entry-type-page post-entry-14358'><div class='entry-content-wrapper clearfix'>\n<div class=\"flex_column av_one_full  flex_column_div av-zero-column-padding first  avia-builder-el-27  el_after_av_section  el_before_av_layout_row  avia-builder-el-no-sibling  \" style='border-radius:0px; '><div  style='height:20px' class='hr hr-invisible  av-desktop-hide av-medium-hide av-small-hide  avia-builder-el-28  avia-builder-el-no-sibling '><span class='hr-inner ' ><span class='hr-inner-style'><\/span><\/span><\/div><\/div>\n<\/div><\/div><\/div><!-- close content main div --><\/div><\/div><div id='av-layout-grid-4'  class='av-layout-grid-container entry-content-wrapper main_color av-flex-cells     avia-builder-el-29  el_after_av_one_full  el_before_av_section  submenu-not-first container_wrap fullsize' style=' '  >\n<div class=\"flex_cell no_margin av_two_third  avia-builder-el-30  el_before_av_cell_one_third  avia-builder-el-first   avia-full-stretch av-zero-padding av-hide-on-mobile  \"  style='vertical-align:top; padding:0px; ' ><div class='flex_cell_inner' ><div  class='avia-image-container  av-styling-    avia-builder-el-31  avia-builder-el-no-sibling  margin-bottom-0 avia-align- '  itemprop=\"image\" itemscope=\"itemscope\" itemtype=\"https:\/\/schema.org\/ImageObject\"  ><div class='avia-image-container-inner'><div class='avia-image-overlay-wrap'><img class='avia_image' src='https:\/\/aarch.dk\/wp-content\/uploads\/2018\/07\/Mask-Group-44.jpg' alt='Students in the old canteen' title='Mask Group 44' height=\"600\" width=\"1280\"  itemprop=\"thumbnailUrl\"  \/><\/div><\/div><\/div>\n<\/div><\/div><div class=\"flex_cell no_margin av_one_third  avia-builder-el-32  el_after_av_cell_two_third  avia-builder-el-last   \"  style='vertical-align:top; padding:0 0 0 0 ; ' ><div class='flex_cell_inner' ><div  class='avia-image-container  av-styling-    avia-builder-el-33  avia-builder-el-no-sibling  margin-bottom-0 avia-align- '  itemprop=\"image\" itemscope=\"itemscope\" itemtype=\"https:\/\/schema.org\/ImageObject\"  ><div class='avia-image-container-inner'><div class='avia-image-overlay-wrap'><img class='avia_image' src='https:\/\/aarch.dk\/wp-content\/uploads\/2018\/11\/Students_omSkolen_640x600.jpg' alt='Drawing Day 2017 at Aarhus School of Architecture' title='Students_omSkolen_640x600' height=\"600\" width=\"640\"  itemprop=\"thumbnailUrl\"  \/><\/div><\/div><\/div>\n<\/div><\/div>\n<\/div>\n<div id='strategy'  class='avia-section main_color avia-section-default avia-no-border-styling  avia-bg-style-scroll  avia-builder-el-34  el_after_av_layout_row  el_before_av_section  section-label  container_wrap fullsize' style=' '  ><div class='container' ><div class='template-page content  av-content-full alpha units'><div class='post-entry post-entry-type-page post-entry-14358'><div class='entry-content-wrapper clearfix'>\n<section class=\"av_textblock_section  av-mini-hide\"  itemscope=\"itemscope\" itemtype=\"https:\/\/schema.org\/CreativeWork\" ><div class='avia_textblock  '   itemprop=\"text\" ><p class=\"section-label-text\">Strategy<\/p>\n<\/div><\/section>\n\n<\/div><\/div><\/div><!-- close content main div --><\/div><\/div><div id='studie-programmes'  class='avia-section main_color avia-section-large avia-no-border-styling  avia-bg-style-scroll  avia-builder-el-36  el_after_av_section  avia-builder-el-last   container_wrap fullsize' style=' '  ><div class='container' ><div class='template-page content  av-content-full alpha units'><div class='post-entry post-entry-type-page post-entry-14358'><div class='entry-content-wrapper clearfix'>\n<div class='flex_column_table av-equal-height-column-flextable -flextable' ><div class=\"flex_column av_one_full  flex_column_table_cell av-equal-height-column av-align-top av-zero-column-padding first  avia-builder-el-37  el_before_av_three_fifth  avia-builder-el-first  \" style='border-radius:0px; '><section class=\"av_textblock_section \"  itemscope=\"itemscope\" itemtype=\"https:\/\/schema.org\/CreativeWork\" ><div class='avia_textblock  '   itemprop=\"text\" ><p class=\"font-size-xsmall margin-bottom-30\"><strong class=\"color-light-grey\">WE PRIORITIZE<\/strong><\/p>\n<\/div><\/section><\/div><\/div><!--close column table wrapper. Autoclose: 1 --><div class='flex_column_table av-equal-height-column-flextable -flextable' ><div class=\"flex_column av_three_fifth  flex_column_table_cell av-equal-height-column av-align-top av-zero-column-padding first  avia-builder-el-39  el_after_av_one_full  el_before_av_two_fifth  column-top-margin\" style='border-radius:0px; '><section class=\"av_textblock_section \"  itemscope=\"itemscope\" itemtype=\"https:\/\/schema.org\/CreativeWork\" ><div class='avia_textblock  '   itemprop=\"text\" ><h3 class=\"font-size-large\">STRATEGY &amp; DEVELOPMENT<\/h3>\n<p>We focus on ensuring high quality, relevance and continuous development of the architectural education. Read more about the school&#8217;s strategic efforts, strategic frame agreement and quality assurance.<\/p>\n<\/div><\/section><\/div><div class='av-flex-placeholder'><\/div><div class=\"flex_column av_two_fifth  flex_column_table_cell av-equal-height-column av-align-top av-zero-column-padding   avia-builder-el-41  el_after_av_three_fifth  el_before_av_hr  column-top-margin\" style='border-radius:0px; '><p><div  style='height:25px' class='hr hr-invisible  av-desktop-hide av-medium-hide av-small-hide  avia-builder-el-42  el_before_av_textblock  avia-builder-el-first '><span class='hr-inner ' ><span class='hr-inner-style'><\/span><\/span><\/div><br \/>\n<section class=\"av_textblock_section \"  itemscope=\"itemscope\" itemtype=\"https:\/\/schema.org\/CreativeWork\" ><div class='avia_textblock  '   itemprop=\"text\" ><ul class=\"ul-list-buttons\">\n<li><a href=\"https:\/\/aarch.dk\/en\/strategisk-rammekontrakt\/\">STRATEGIC FRAMEWORK AGREENMENT<\/a><\/li>\n<li><a href=\"https:\/\/aarch.dk\/en\/rules-and-regulations\/\">RULES AND REGULATIONS<\/a><\/li>\n<li><a href=\"https:\/\/aarch.dk\/en\/management\/\">SCHOOL MANAGEMENT<\/a><\/li>\n<\/ul>\n<\/div><\/section><\/p><\/div><\/div><!--close column table wrapper. Autoclose: 1 --><div  style='height:20px' class='hr hr-invisible  av-desktop-hide av-medium-hide av-small-hide  avia-builder-el-44  el_after_av_two_fifth  avia-builder-el-last '><span class='hr-inner ' ><span class='hr-inner-style'><\/span><\/span><\/div>\n\n","protected":false},"excerpt":{"rendered":"","protected":false},"author":6,"featured_media":10718,"parent":0,"menu_order":0,"comment_status":"closed","ping_status":"closed","template":"","meta":{"_acf_changed":false,"footnotes":""},"class_list":["post-14358","page","type-page","status-publish","has-post-thumbnail","hentry"],"yoast_head":"<!-- This site is optimized with the Yoast SEO plugin v27.2 - https:\/\/yoast.com\/product\/yoast-seo-wordpress\/ -->\n<title>About the school - Aarhus School of Architecture<\/title>\n<meta name=\"description\" content=\"Vi har fokus p\u00e5 at sikre h\u00f8j kvalitet, relevans og kontinuerlig udvikling af arkitektuddannelsen. L\u00e6s mere om skolens strategiske indsats, rammekontrakt og kvalitetsarbejde.\" \/>\n<meta name=\"robots\" content=\"index, follow, max-snippet:-1, max-image-preview:large, max-video-preview:-1\" \/>\n<link rel=\"canonical\" href=\"https:\/\/aarch.dk\/en\/about\/\" \/>\n<meta property=\"og:locale\" content=\"en_US\" \/>\n<meta property=\"og:type\" content=\"article\" \/>\n<meta property=\"og:title\" content=\"About the school - Aarhus School of Architecture\" \/>\n<meta property=\"og:description\" content=\"Vi har fokus p\u00e5 at sikre h\u00f8j kvalitet, relevans og kontinuerlig udvikling af arkitektuddannelsen. L\u00e6s mere om skolens strategiske indsats, rammekontrakt og kvalitetsarbejde.\" \/>\n<meta property=\"og:url\" content=\"https:\/\/aarch.dk\/en\/about\/\" \/>\n<meta property=\"og:site_name\" content=\"Aarhus School of Architecture\" \/>\n<meta property=\"article:modified_time\" content=\"2025-03-24T13:32:40+00:00\" \/>\n<meta property=\"og:image\" content=\"https:\/\/aarch.dk\/wp-content\/uploads\/2018\/10\/OmSKolen_basis-indgang_960x650_03.png\" \/>\n\t<meta property=\"og:image:width\" content=\"960\" \/>\n\t<meta property=\"og:image:height\" content=\"650\" \/>\n\t<meta property=\"og:image:type\" content=\"image\/png\" \/>\n<meta name=\"twitter:card\" content=\"summary_large_image\" \/>\n<meta name=\"twitter:label1\" content=\"Est. reading time\" \/>\n\t<meta name=\"twitter:data1\" content=\"7 minutes\" \/>\n<script type=\"application\/ld+json\" class=\"yoast-schema-graph\">{\"@context\":\"https:\/\/schema.org\",\"@graph\":[{\"@type\":\"WebPage\",\"@id\":\"https:\/\/aarch.dk\/en\/about\/\",\"url\":\"https:\/\/aarch.dk\/en\/about\/\",\"name\":\"About the school - Aarhus School of Architecture\",\"isPartOf\":{\"@id\":\"https:\/\/aarch.dk\/#website\"},\"primaryImageOfPage\":{\"@id\":\"https:\/\/aarch.dk\/en\/about\/#primaryimage\"},\"image\":{\"@id\":\"https:\/\/aarch.dk\/en\/about\/#primaryimage\"},\"thumbnailUrl\":\"https:\/\/aarch.dk\/wp-content\/uploads\/2018\/10\/OmSKolen_basis-indgang_960x650_03.png\",\"datePublished\":\"2018-10-14T13:29:47+00:00\",\"dateModified\":\"2025-03-24T13:32:40+00:00\",\"description\":\"Vi har fokus p\u00e5 at sikre h\u00f8j kvalitet, relevans og kontinuerlig udvikling af arkitektuddannelsen. L\u00e6s mere om skolens strategiske indsats, rammekontrakt og kvalitetsarbejde.\",\"breadcrumb\":{\"@id\":\"https:\/\/aarch.dk\/en\/about\/#breadcrumb\"},\"inLanguage\":\"en-US\",\"potentialAction\":[{\"@type\":\"ReadAction\",\"target\":[\"https:\/\/aarch.dk\/en\/about\/\"]}]},{\"@type\":\"ImageObject\",\"inLanguage\":\"en-US\",\"@id\":\"https:\/\/aarch.dk\/en\/about\/#primaryimage\",\"url\":\"https:\/\/aarch.dk\/wp-content\/uploads\/2018\/10\/OmSKolen_basis-indgang_960x650_03.png\",\"contentUrl\":\"https:\/\/aarch.dk\/wp-content\/uploads\/2018\/10\/OmSKolen_basis-indgang_960x650_03.png\",\"width\":960,\"height\":650,\"caption\":\"About the school\"},{\"@type\":\"BreadcrumbList\",\"@id\":\"https:\/\/aarch.dk\/en\/about\/#breadcrumb\",\"itemListElement\":[{\"@type\":\"ListItem\",\"position\":1,\"name\":\"Home\",\"item\":\"https:\/\/aarch.dk\/en\/\"},{\"@type\":\"ListItem\",\"position\":2,\"name\":\"About the school\"}]},{\"@type\":\"WebSite\",\"@id\":\"https:\/\/aarch.dk\/#website\",\"url\":\"https:\/\/aarch.dk\/\",\"name\":\"Aarhus School of Architecture\",\"description\":\"\",\"potentialAction\":[{\"@type\":\"SearchAction\",\"target\":{\"@type\":\"EntryPoint\",\"urlTemplate\":\"https:\/\/aarch.dk\/?s={search_term_string}\"},\"query-input\":{\"@type\":\"PropertyValueSpecification\",\"valueRequired\":true,\"valueName\":\"search_term_string\"}}],\"inLanguage\":\"en-US\"}]}<\/script>\n<!-- \/ Yoast SEO plugin. -->","yoast_head_json":{"title":"About the school - Aarhus School of Architecture","description":"Vi har fokus p\u00e5 at sikre h\u00f8j kvalitet, relevans og kontinuerlig udvikling af arkitektuddannelsen. L\u00e6s mere om skolens strategiske indsats, rammekontrakt og kvalitetsarbejde.","robots":{"index":"index","follow":"follow","max-snippet":"max-snippet:-1","max-image-preview":"max-image-preview:large","max-video-preview":"max-video-preview:-1"},"canonical":"https:\/\/aarch.dk\/en\/about\/","og_locale":"en_US","og_type":"article","og_title":"About the school - Aarhus School of Architecture","og_description":"Vi har fokus p\u00e5 at sikre h\u00f8j kvalitet, relevans og kontinuerlig udvikling af arkitektuddannelsen. L\u00e6s mere om skolens strategiske indsats, rammekontrakt og kvalitetsarbejde.","og_url":"https:\/\/aarch.dk\/en\/about\/","og_site_name":"Aarhus School of Architecture","article_modified_time":"2025-03-24T13:32:40+00:00","og_image":[{"width":960,"height":650,"url":"https:\/\/aarch.dk\/wp-content\/uploads\/2018\/10\/OmSKolen_basis-indgang_960x650_03.png","type":"image\/png"}],"twitter_card":"summary_large_image","twitter_misc":{"Est. reading time":"7 minutes"},"schema":{"@context":"https:\/\/schema.org","@graph":[{"@type":"WebPage","@id":"https:\/\/aarch.dk\/en\/about\/","url":"https:\/\/aarch.dk\/en\/about\/","name":"About the school - Aarhus School of Architecture","isPartOf":{"@id":"https:\/\/aarch.dk\/#website"},"primaryImageOfPage":{"@id":"https:\/\/aarch.dk\/en\/about\/#primaryimage"},"image":{"@id":"https:\/\/aarch.dk\/en\/about\/#primaryimage"},"thumbnailUrl":"https:\/\/aarch.dk\/wp-content\/uploads\/2018\/10\/OmSKolen_basis-indgang_960x650_03.png","datePublished":"2018-10-14T13:29:47+00:00","dateModified":"2025-03-24T13:32:40+00:00","description":"Vi har fokus p\u00e5 at sikre h\u00f8j kvalitet, relevans og kontinuerlig udvikling af arkitektuddannelsen. L\u00e6s mere om skolens strategiske indsats, rammekontrakt og kvalitetsarbejde.","breadcrumb":{"@id":"https:\/\/aarch.dk\/en\/about\/#breadcrumb"},"inLanguage":"en-US","potentialAction":[{"@type":"ReadAction","target":["https:\/\/aarch.dk\/en\/about\/"]}]},{"@type":"ImageObject","inLanguage":"en-US","@id":"https:\/\/aarch.dk\/en\/about\/#primaryimage","url":"https:\/\/aarch.dk\/wp-content\/uploads\/2018\/10\/OmSKolen_basis-indgang_960x650_03.png","contentUrl":"https:\/\/aarch.dk\/wp-content\/uploads\/2018\/10\/OmSKolen_basis-indgang_960x650_03.png","width":960,"height":650,"caption":"About the school"},{"@type":"BreadcrumbList","@id":"https:\/\/aarch.dk\/en\/about\/#breadcrumb","itemListElement":[{"@type":"ListItem","position":1,"name":"Home","item":"https:\/\/aarch.dk\/en\/"},{"@type":"ListItem","position":2,"name":"About the school"}]},{"@type":"WebSite","@id":"https:\/\/aarch.dk\/#website","url":"https:\/\/aarch.dk\/","name":"Aarhus School of Architecture","description":"","potentialAction":[{"@type":"SearchAction","target":{"@type":"EntryPoint","urlTemplate":"https:\/\/aarch.dk\/?s={search_term_string}"},"query-input":{"@type":"PropertyValueSpecification","valueRequired":true,"valueName":"search_term_string"}}],"inLanguage":"en-US"}]}},"acf":[],"_links":{"self":[{"href":"https:\/\/aarch.dk\/en\/wp-json\/wp\/v2\/pages\/14358","targetHints":{"allow":["GET"]}}],"collection":[{"href":"https:\/\/aarch.dk\/en\/wp-json\/wp\/v2\/pages"}],"about":[{"href":"https:\/\/aarch.dk\/en\/wp-json\/wp\/v2\/types\/page"}],"author":[{"embeddable":true,"href":"https:\/\/aarch.dk\/en\/wp-json\/wp\/v2\/users\/6"}],"replies":[{"embeddable":true,"href":"https:\/\/aarch.dk\/en\/wp-json\/wp\/v2\/comments?post=14358"}],"version-history":[{"count":18,"href":"https:\/\/aarch.dk\/en\/wp-json\/wp\/v2\/pages\/14358\/revisions"}],"predecessor-version":[{"id":242505,"href":"https:\/\/aarch.dk\/en\/wp-json\/wp\/v2\/pages\/14358\/revisions\/242505"}],"wp:featuredmedia":[{"embeddable":true,"href":"https:\/\/aarch.dk\/en\/wp-json\/wp\/v2\/media\/10718"}],"wp:attachment":[{"href":"https:\/\/aarch.dk\/en\/wp-json\/wp\/v2\/media?parent=14358"}],"curies":[{"name":"wp","href":"https:\/\/api.w.org\/{rel}","templated":true}]}}