{"id":15405,"date":"2018-09-14T17:03:25","date_gmt":"2018-09-14T15:03:25","guid":{"rendered":"https:\/\/aarch.dk\/vil-du-vaere-arkitekt\/efteruddannelse\/"},"modified":"2026-01-15T10:07:34","modified_gmt":"2026-01-15T09:07:34","slug":"professional-studies","status":"publish","type":"page","link":"https:\/\/aarch.dk\/en\/professional-studies\/","title":{"rendered":"Professional studies"},"content":{"rendered":"<div id='av_section_1'  class='avia-section main_color avia-section-default avia-no-border-styling  avia-full-stretch av-section-color-overlay-active avia-bg-style-scroll  avia-builder-el-0  el_before_av_section  avia-builder-el-first   container_wrap fullsize' style='background-repeat: no-repeat; background-image: url(https:\/\/aarch.dk\/wp-content\/uploads\/2018\/11\/Efteruddannelse_temaside_1920x700.jpg);background-attachment: scroll; background-position: top center;  '  data-section-bg-repeat='stretch'><div class='av-section-color-overlay-wrap'><div class='av-section-color-overlay' style='opacity: 0.7; background-color: #1b47a9; '><\/div><div class='container' ><main  role=\"main\" itemprop=\"mainContentOfPage\"  class='template-page content  av-content-full alpha units'><div class='post-entry post-entry-type-page post-entry-15405'><div class='entry-content-wrapper clearfix'>\n<div class=\"flex_column av_one_fifth  flex_column_div av-zero-column-padding first  avia-builder-el-1  el_before_av_three_fifth  avia-builder-el-first  \" style='border-radius:0px; '><\/div><div class=\"flex_column av_three_fifth  flex_column_div   avia-builder-el-2  el_after_av_one_fifth  el_before_av_one_fifth  \" style='padding:0px 0px 50px 0px ; border-radius:0px; '><p><div  style='height:90px' class='hr hr-invisible  av-desktop-hide av-medium-hide  avia-builder-el-3  el_before_av_hr  avia-builder-el-first '><span class='hr-inner ' ><span class='hr-inner-style'><\/span><\/span><\/div><br \/>\n<div  style='height:60px' class='hr hr-invisible  av-small-hide av-mini-hide  avia-builder-el-4  el_after_av_hr  el_before_av_textblock '><span class='hr-inner ' ><span class='hr-inner-style'><\/span><\/span><\/div><br \/>\n<section class=\"av_textblock_section \"  itemscope=\"itemscope\" itemtype=\"https:\/\/schema.org\/CreativeWork\" ><div class='avia_textblock  '   itemprop=\"text\" ><h1 class=\"color-blue color-00\" style=\"text-align: center;\"><strong>PROFESSIONAL STUDIES<br \/>\n<\/strong><\/h1>\n<h4 class=\"color-00\" style=\"text-align: center;\">We offer research-based\u00a0professional studies. The supplementary courses we offer are research-based courses aimed at professionals in employment. The school offers a range of continuing and further education courses, including long-term courses for professionals in employment and supplementary courses for recent graduates and unemployed architects.<\/h4>\n<\/div><\/section><br \/>\n<div  style='height:5px' class='hr hr-invisible  av-small-hide av-mini-hide  avia-builder-el-6  el_after_av_textblock  avia-builder-el-last '><span class='hr-inner ' ><span class='hr-inner-style'><\/span><\/span><\/div><\/p><\/div><div class=\"flex_column av_one_fifth  flex_column_div av-zero-column-padding   avia-builder-el-7  el_after_av_three_fifth  avia-builder-el-last  \" style='border-radius:0px; '><\/div>\n\n<\/div><\/div><\/main><!-- close content main element --><\/div><\/div><\/div><div id='av_section_2'  class='avia-section main_color avia-section-large avia-no-border-styling  avia-bg-style-scroll  avia-builder-el-8  el_after_av_section  avia-builder-el-last  nav-button-grid invalid-custom-class-found  container_wrap fullsize' style=' '  ><div class='container' ><div class='template-page content  av-content-full alpha units'><div class='post-entry post-entry-type-page post-entry-15405'><div class='entry-content-wrapper clearfix'>\n<div class=\"flex_column av_one_third  flex_column_div av-zero-column-padding avia-link-column av-column-link first  avia-builder-el-9  el_before_av_one_third  avia-builder-el-first  nav-button \" style='border-radius:0px; ' data-link-column-url=\"https:\/\/aarch.dk\/en\/nordmak\/\" ><a class=\"av-screen-reader-only\" href=https:\/\/aarch.dk\/en\/nordmak\/ >Follow a manual added link<\/a><section class=\"av_textblock_section \"  itemscope=\"itemscope\" itemtype=\"https:\/\/schema.org\/CreativeWork\" ><div class='avia_textblock  '   itemprop=\"text\" ><p>NORDIC MASTER IN<br \/>\nCULTURAL HERITAGE<\/p>\n<\/div><\/section><\/div><div class=\"flex_column av_one_third  flex_column_div av-zero-column-padding avia-link-column av-column-link   avia-builder-el-11  el_after_av_one_third  el_before_av_one_third  nav-button \" style='border-radius:0px; ' data-link-column-url=\"https:\/\/aarch.dk\/en\/byplanlaegger\/\" ><a class=\"av-screen-reader-only\" href=https:\/\/aarch.dk\/en\/byplanlaegger\/ >Follow a manual added link<\/a><section class=\"av_textblock_section \"  itemscope=\"itemscope\" itemtype=\"https:\/\/schema.org\/CreativeWork\" ><div class='avia_textblock  '   itemprop=\"text\" ><p>BYPLANL\u00c6GGER<br \/>\n(IN DANISH)<\/p>\n<\/div><\/section><\/div><div class=\"flex_column av_one_third  flex_column_div av-zero-column-padding avia-link-column av-column-link   avia-builder-el-13  el_after_av_one_third  el_before_av_one_third  nav-button \" style='border-radius:0px; ' data-link-column-url=\"https:\/\/aarch.dk\/efteruddannelse-plus2\/\" ><a class=\"av-screen-reader-only\" href=https:\/\/aarch.dk\/efteruddannelse-plus2\/ >Follow a manual added link<\/a><section class=\"av_textblock_section \"  itemscope=\"itemscope\" itemtype=\"https:\/\/schema.org\/CreativeWork\" ><div class='avia_textblock  '   itemprop=\"text\" ><p style=\"text-align: left;\">+ 2 \/ FURTHER EDUCATION<br \/>\n(IN DANISH)<\/p>\n<\/div><\/section><\/div><div class=\"flex_column av_one_third  flex_column_div av-zero-column-padding avia-link-column av-column-link   avia-builder-el-15  el_after_av_one_third  avia-builder-el-last  nav-button \" style='border-radius:0px; ' data-link-column-url=\"https:\/\/aarch.dk\/en\/kulturmiljoeer-i-planlaegningen\/\" ><a class=\"av-screen-reader-only\" href=https:\/\/aarch.dk\/en\/kulturmiljoeer-i-planlaegningen\/ >Follow a manual added link<\/a><section class=\"av_textblock_section \"  itemscope=\"itemscope\" itemtype=\"https:\/\/schema.org\/CreativeWork\" ><div class='avia_textblock  '   itemprop=\"text\" ><p>KULTURMILJ\u00d8ER I PLANL\u00c6GNINGEN<br \/>\n(IN DANISH)<\/p>\n<\/div><\/section><\/div>\n","protected":false},"excerpt":{"rendered":"","protected":false},"author":6,"featured_media":22519,"parent":0,"menu_order":0,"comment_status":"closed","ping_status":"closed","template":"","meta":{"_acf_changed":false,"footnotes":""},"class_list":["post-15405","page","type-page","status-publish","has-post-thumbnail","hentry"],"yoast_head":"<!-- This site is optimized with the Yoast SEO plugin v27.2 - https:\/\/yoast.com\/product\/yoast-seo-wordpress\/ -->\n<title>Professional studies - Aarhus School of Architecture<\/title>\n<meta name=\"description\" content=\"Skolen udbyder en r\u00e6kke efter- og videreuddannelseskurser, b\u00e5de l\u00e6ngerevarende forl\u00f8b til professionelle, der allerede er i job, og efteruddannelse til nyuddannede eller ledige arkitekter.\" \/>\n<meta name=\"robots\" content=\"index, follow, max-snippet:-1, max-image-preview:large, max-video-preview:-1\" \/>\n<link rel=\"canonical\" href=\"https:\/\/aarch.dk\/en\/professional-studies\/\" \/>\n<meta property=\"og:locale\" content=\"en_US\" \/>\n<meta property=\"og:type\" content=\"article\" \/>\n<meta property=\"og:title\" content=\"Professional studies - Aarhus School of Architecture\" \/>\n<meta property=\"og:description\" content=\"Skolen udbyder en r\u00e6kke efter- og videreuddannelseskurser, b\u00e5de l\u00e6ngerevarende forl\u00f8b til professionelle, der allerede er i job, og efteruddannelse til nyuddannede eller ledige arkitekter.\" \/>\n<meta property=\"og:url\" content=\"https:\/\/aarch.dk\/en\/professional-studies\/\" \/>\n<meta property=\"og:site_name\" content=\"Aarhus School of Architecture\" \/>\n<meta property=\"article:modified_time\" content=\"2026-01-15T09:07:34+00:00\" \/>\n<meta property=\"og:image\" content=\"https:\/\/aarch.dk\/wp-content\/uploads\/2018\/11\/Efteruddannelse_feature_400x453.jpg\" \/>\n\t<meta property=\"og:image:width\" content=\"400\" \/>\n\t<meta property=\"og:image:height\" content=\"453\" \/>\n\t<meta property=\"og:image:type\" content=\"image\/jpeg\" \/>\n<meta name=\"twitter:card\" content=\"summary_large_image\" \/>\n<meta name=\"twitter:label1\" content=\"Est. reading time\" \/>\n\t<meta name=\"twitter:data1\" content=\"3 minutes\" \/>\n<script type=\"application\/ld+json\" class=\"yoast-schema-graph\">{\"@context\":\"https:\/\/schema.org\",\"@graph\":[{\"@type\":\"WebPage\",\"@id\":\"https:\/\/aarch.dk\/en\/professional-studies\/\",\"url\":\"https:\/\/aarch.dk\/en\/professional-studies\/\",\"name\":\"Professional studies - Aarhus School of Architecture\",\"isPartOf\":{\"@id\":\"https:\/\/aarch.dk\/#website\"},\"primaryImageOfPage\":{\"@id\":\"https:\/\/aarch.dk\/en\/professional-studies\/#primaryimage\"},\"image\":{\"@id\":\"https:\/\/aarch.dk\/en\/professional-studies\/#primaryimage\"},\"thumbnailUrl\":\"https:\/\/aarch.dk\/wp-content\/uploads\/2018\/11\/Efteruddannelse_feature_400x453.jpg\",\"datePublished\":\"2018-09-14T15:03:25+00:00\",\"dateModified\":\"2026-01-15T09:07:34+00:00\",\"description\":\"Skolen udbyder en r\u00e6kke efter- og videreuddannelseskurser, b\u00e5de l\u00e6ngerevarende forl\u00f8b til professionelle, der allerede er i job, og efteruddannelse til nyuddannede eller ledige arkitekter.\",\"breadcrumb\":{\"@id\":\"https:\/\/aarch.dk\/en\/professional-studies\/#breadcrumb\"},\"inLanguage\":\"en-US\",\"potentialAction\":[{\"@type\":\"ReadAction\",\"target\":[\"https:\/\/aarch.dk\/en\/professional-studies\/\"]}]},{\"@type\":\"ImageObject\",\"inLanguage\":\"en-US\",\"@id\":\"https:\/\/aarch.dk\/en\/professional-studies\/#primaryimage\",\"url\":\"https:\/\/aarch.dk\/wp-content\/uploads\/2018\/11\/Efteruddannelse_feature_400x453.jpg\",\"contentUrl\":\"https:\/\/aarch.dk\/wp-content\/uploads\/2018\/11\/Efteruddannelse_feature_400x453.jpg\",\"width\":400,\"height\":453,\"caption\":\"Professional studies\"},{\"@type\":\"BreadcrumbList\",\"@id\":\"https:\/\/aarch.dk\/en\/professional-studies\/#breadcrumb\",\"itemListElement\":[{\"@type\":\"ListItem\",\"position\":1,\"name\":\"Home\",\"item\":\"https:\/\/aarch.dk\/en\/\"},{\"@type\":\"ListItem\",\"position\":2,\"name\":\"Professional studies\"}]},{\"@type\":\"WebSite\",\"@id\":\"https:\/\/aarch.dk\/#website\",\"url\":\"https:\/\/aarch.dk\/\",\"name\":\"Aarhus School of Architecture\",\"description\":\"\",\"potentialAction\":[{\"@type\":\"SearchAction\",\"target\":{\"@type\":\"EntryPoint\",\"urlTemplate\":\"https:\/\/aarch.dk\/?s={search_term_string}\"},\"query-input\":{\"@type\":\"PropertyValueSpecification\",\"valueRequired\":true,\"valueName\":\"search_term_string\"}}],\"inLanguage\":\"en-US\"}]}<\/script>\n<!-- \/ Yoast SEO plugin. -->","yoast_head_json":{"title":"Professional studies - Aarhus School of Architecture","description":"Skolen udbyder en r\u00e6kke efter- og videreuddannelseskurser, b\u00e5de l\u00e6ngerevarende forl\u00f8b til professionelle, der allerede er i job, og efteruddannelse til nyuddannede eller ledige arkitekter.","robots":{"index":"index","follow":"follow","max-snippet":"max-snippet:-1","max-image-preview":"max-image-preview:large","max-video-preview":"max-video-preview:-1"},"canonical":"https:\/\/aarch.dk\/en\/professional-studies\/","og_locale":"en_US","og_type":"article","og_title":"Professional studies - Aarhus School of Architecture","og_description":"Skolen udbyder en r\u00e6kke efter- og videreuddannelseskurser, b\u00e5de l\u00e6ngerevarende forl\u00f8b til professionelle, der allerede er i job, og efteruddannelse til nyuddannede eller ledige arkitekter.","og_url":"https:\/\/aarch.dk\/en\/professional-studies\/","og_site_name":"Aarhus School of Architecture","article_modified_time":"2026-01-15T09:07:34+00:00","og_image":[{"width":400,"height":453,"url":"https:\/\/aarch.dk\/wp-content\/uploads\/2018\/11\/Efteruddannelse_feature_400x453.jpg","type":"image\/jpeg"}],"twitter_card":"summary_large_image","twitter_misc":{"Est. reading time":"3 minutes"},"schema":{"@context":"https:\/\/schema.org","@graph":[{"@type":"WebPage","@id":"https:\/\/aarch.dk\/en\/professional-studies\/","url":"https:\/\/aarch.dk\/en\/professional-studies\/","name":"Professional studies - Aarhus School of Architecture","isPartOf":{"@id":"https:\/\/aarch.dk\/#website"},"primaryImageOfPage":{"@id":"https:\/\/aarch.dk\/en\/professional-studies\/#primaryimage"},"image":{"@id":"https:\/\/aarch.dk\/en\/professional-studies\/#primaryimage"},"thumbnailUrl":"https:\/\/aarch.dk\/wp-content\/uploads\/2018\/11\/Efteruddannelse_feature_400x453.jpg","datePublished":"2018-09-14T15:03:25+00:00","dateModified":"2026-01-15T09:07:34+00:00","description":"Skolen udbyder en r\u00e6kke efter- og videreuddannelseskurser, b\u00e5de l\u00e6ngerevarende forl\u00f8b til professionelle, der allerede er i job, og efteruddannelse til nyuddannede eller ledige arkitekter.","breadcrumb":{"@id":"https:\/\/aarch.dk\/en\/professional-studies\/#breadcrumb"},"inLanguage":"en-US","potentialAction":[{"@type":"ReadAction","target":["https:\/\/aarch.dk\/en\/professional-studies\/"]}]},{"@type":"ImageObject","inLanguage":"en-US","@id":"https:\/\/aarch.dk\/en\/professional-studies\/#primaryimage","url":"https:\/\/aarch.dk\/wp-content\/uploads\/2018\/11\/Efteruddannelse_feature_400x453.jpg","contentUrl":"https:\/\/aarch.dk\/wp-content\/uploads\/2018\/11\/Efteruddannelse_feature_400x453.jpg","width":400,"height":453,"caption":"Professional studies"},{"@type":"BreadcrumbList","@id":"https:\/\/aarch.dk\/en\/professional-studies\/#breadcrumb","itemListElement":[{"@type":"ListItem","position":1,"name":"Home","item":"https:\/\/aarch.dk\/en\/"},{"@type":"ListItem","position":2,"name":"Professional studies"}]},{"@type":"WebSite","@id":"https:\/\/aarch.dk\/#website","url":"https:\/\/aarch.dk\/","name":"Aarhus School of Architecture","description":"","potentialAction":[{"@type":"SearchAction","target":{"@type":"EntryPoint","urlTemplate":"https:\/\/aarch.dk\/?s={search_term_string}"},"query-input":{"@type":"PropertyValueSpecification","valueRequired":true,"valueName":"search_term_string"}}],"inLanguage":"en-US"}]}},"acf":[],"_links":{"self":[{"href":"https:\/\/aarch.dk\/en\/wp-json\/wp\/v2\/pages\/15405","targetHints":{"allow":["GET"]}}],"collection":[{"href":"https:\/\/aarch.dk\/en\/wp-json\/wp\/v2\/pages"}],"about":[{"href":"https:\/\/aarch.dk\/en\/wp-json\/wp\/v2\/types\/page"}],"author":[{"embeddable":true,"href":"https:\/\/aarch.dk\/en\/wp-json\/wp\/v2\/users\/6"}],"replies":[{"embeddable":true,"href":"https:\/\/aarch.dk\/en\/wp-json\/wp\/v2\/comments?post=15405"}],"version-history":[{"count":18,"href":"https:\/\/aarch.dk\/en\/wp-json\/wp\/v2\/pages\/15405\/revisions"}],"predecessor-version":[{"id":258428,"href":"https:\/\/aarch.dk\/en\/wp-json\/wp\/v2\/pages\/15405\/revisions\/258428"}],"wp:featuredmedia":[{"embeddable":true,"href":"https:\/\/aarch.dk\/en\/wp-json\/wp\/v2\/media\/22519"}],"wp:attachment":[{"href":"https:\/\/aarch.dk\/en\/wp-json\/wp\/v2\/media?parent=15405"}],"curies":[{"name":"wp","href":"https:\/\/api.w.org\/{rel}","templated":true}]}}