{"id":161558,"date":"2022-07-22T10:23:12","date_gmt":"2022-07-22T08:23:12","guid":{"rendered":"https:\/\/aarch.dk\/karrierevaerkstedet\/"},"modified":"2024-08-19T14:24:21","modified_gmt":"2024-08-19T12:24:21","slug":"karrierevaerkstedet","status":"publish","type":"page","link":"https:\/\/aarch.dk\/en\/karrierevaerkstedet\/","title":{"rendered":"Karrierev\u00e6rkstedet"},"content":{"rendered":"<div id='av-layout-grid-1'  class='av-layout-grid-container entry-content-wrapper main_color av-flex-cells     avia-builder-el-0  el_before_av_layout_row  avia-builder-el-first  hide-below-tablet-1024 header-animation-entrance-video av-cell-min-height av-cell-min-height-50 container_wrap fullsize' style=' '   data-av_minimum_height_pc='50'>\n<div class=\"flex_cell no_margin av_one_half  avia-builder-el-1  el_before_av_cell_one_half  avia-builder-el-first  grid-cell-30 header-distance  avia-full-stretch av-zero-padding \"  style='background:url(https:\/\/aarch.dk\/wp-content\/uploads\/2024\/08\/KarriereVaerkstedet_Foto_Duo_1920x720.jpg) center right no-repeat scroll; vertical-align:top; padding:0px; ' ><div class='flex_cell_inner' ><\/div><\/div><div class=\"flex_cell no_margin av_one_half  avia-builder-el-2  el_after_av_cell_one_half  avia-builder-el-last  header-distance  av-zero-padding \"  style='background: #78bac6; vertical-align:middle; padding:0px; background-color:#78bac6; ' ><div class='flex_cell_inner' ><div class=\"flex_column av_one_full  flex_column_div av-zero-column-padding first  avia-builder-el-3  avia-builder-el-no-sibling  grid-row-0-90-80 \" style='border-radius:0px; '><section class=\"av_textblock_section \"  itemscope=\"itemscope\" itemtype=\"https:\/\/schema.org\/CreativeWork\" ><div class='avia_textblock  '   itemprop=\"text\" ><h1 class=\"color-white font-size-xl-large\" style=\"text-align: center;\"><strong>Karriere\u00adV\u00e6rk\u00adstedet <span style=\"color: #373f82;\">\/IN<em>SPE<\/em><\/span><\/strong><\/h1>\n<h4 class=\"color-white margin-bottom-0\" style=\"text-align: center;\">I skolens karrierev\u00e6rksted m\u00f8des praksis og skolens studerende og dimittender om de mange m\u00e5der arkitektur udfoldes i praksis.<\/h4>\n<\/div><\/section><\/div>\n<\/div><\/div><\/div><div id='av-layout-grid-2'  class='av-layout-grid-container entry-content-wrapper main_color av-flex-cells     avia-builder-el-5  el_after_av_layout_row  el_before_av_section  show-below-tablet-1024 submenu-not-first container_wrap fullsize' style=' '  >\n<div class=\"flex_cell no_margin av_one_full  avia-builder-el-6  avia-builder-el-no-sibling  header-distance  av-zero-padding \"  style='background: #78bac6; vertical-align:middle; padding:0px; background-color:#78bac6; ' ><div class='flex_cell_inner' ><p><div  style='height:40px' class='hr hr-invisible  av-desktop-hide av-medium-hide av-small-hide  avia-builder-el-7  el_before_av_hr  avia-builder-el-first '><span class='hr-inner ' ><span class='hr-inner-style'><\/span><\/span><\/div><br \/>\n<div  style='height:30px' class='hr hr-invisible  av-desktop-hide av-medium-hide av-mini-hide  avia-builder-el-8  el_after_av_hr  el_before_av_one_full '><span class='hr-inner ' ><span class='hr-inner-style'><\/span><\/span><\/div><br \/>\n<div class=\"flex_column av_one_full  flex_column_div av-zero-column-padding first  avia-builder-el-9  el_after_av_hr  avia-builder-el-last  grid-row-0-90-80 \" style='border-radius:0px; '><section class=\"av_textblock_section \"  itemscope=\"itemscope\" itemtype=\"https:\/\/schema.org\/CreativeWork\" ><div class='avia_textblock  '   itemprop=\"text\" ><h1 class=\"color-white font-size-xl-large\" style=\"text-align: center;\"><strong>Karriere\u00adV\u00e6rk\u00adstedet <span style=\"color: #373f82;\">\/IN<em>SPE<\/em><\/span><\/strong><\/h1>\n<h4 class=\"color-white margin-bottom-0\" style=\"text-align: center;\">I skolens karrierev\u00e6rksted m\u00f8des praksis og skolens studerende og dimittender om de mange m\u00e5der arkitektur udfoldes i praksis.<\/h4>\n<\/div><\/section><\/div><\/p>\n<\/div><\/div>\n<\/div><\/p>\n<div id='av_section_1'  class='avia-section main_color avia-section-large avia-no-border-styling  avia-bg-style-scroll  avia-builder-el-11  el_after_av_layout_row  el_before_av_layout_row  content-padding-top-50  container_wrap fullsize' style=' '  ><div class='container' ><div class='template-page content  av-content-full alpha units'><div class='post-entry post-entry-type-page post-entry-161558'><div class='entry-content-wrapper clearfix'>\n<div class='flex_column_table av-equal-height-column-flextable -flextable' ><div class=\"flex_column av_three_fifth  flex_column_table_cell av-equal-height-column av-align-top av-zero-column-padding first  avia-builder-el-12  el_before_av_two_fifth  avia-builder-el-first  \" style='border-radius:0px; '><section class=\"av_textblock_section \"  itemscope=\"itemscope\" itemtype=\"https:\/\/schema.org\/CreativeWork\" ><div class='avia_textblock  '   itemprop=\"text\" ><h2 class=\"color-blue font-size-x-large color-61\"><strong>KARRIEREV\u00c6RKSTEDET \/ IN<em>SPE<\/em><\/strong><\/h2>\n<\/div><\/section><br \/>\n<section class=\"av_textblock_section \"  itemscope=\"itemscope\" itemtype=\"https:\/\/schema.org\/CreativeWork\" ><div class='avia_textblock  '   itemprop=\"text\" ><p style=\"font-weight: 400;\">I skolens KarriereV\u00e6rksted m\u00f8des studerende og nyuddannede arkitekter om de mange forskellige m\u00e5der arkitekter arbejder med arkitektur i praksis.<\/p>\n<p style=\"font-weight: 400;\">Vi inviterer arkitekter ind i studiemilj\u00f8et til levende <em>talks<\/em> om vejen fra studerende til praktiserende. Og studerende kommer ud til arkitektvirksomheder og bliver klogere p\u00e5 at v\u00e6re arkitekt i praksis.<\/p>\n<p style=\"font-weight: 400;\">Skolens studerende har derudover adgang til personlig praksis- og karrierevejledning samt digital karrierevejledning.<\/p>\n<\/div><\/section><\/p><\/div><div class='av-flex-placeholder'><\/div><div class=\"flex_column av_two_fifth  flex_column_table_cell av-equal-height-column av-align-top av-zero-column-padding   avia-builder-el-15  el_after_av_three_fifth  el_before_av_one_full  \" style='border-radius:0px; '><section class=\"av_textblock_section \"  itemscope=\"itemscope\" itemtype=\"https:\/\/schema.org\/CreativeWork\" ><div class='avia_textblock  '   itemprop=\"text\" ><ul class=\"ul-list-buttons\">\n<li><a href=\"https:\/\/aarch.dk\/en\/on-location\/\">ON LOCATION<\/a><\/li>\n<li><a href=\"https:\/\/aarch.dk\/en\/karrierevaerkstedet-talks\/\">TALKS<\/a><\/li>\n<li><a href=\"https:\/\/aarch.dk\/en\/vejledning-karrierevaerkstedet\/\">VEJLEDNING<\/a><\/li>\n<li><a href=\"https:\/\/aarch.dk\/en\/aarch-board-en\/\">AARCH BOARD<\/a><\/li>\n<li><a href=\"https:\/\/aarch.dk\/person\/misja-barnow\/\">KONTAKT<\/a><\/li>\n<\/ul>\n<\/div><\/section><\/div><\/div><!--close column table wrapper. Autoclose: 1 --><div class=\"flex_column av_one_full  flex_column_div av-zero-column-padding first  avia-builder-el-17  el_after_av_two_fifth  avia-builder-el-last  \" style='border-radius:0px; '><div  style='height:30px' class='hr hr-invisible   avia-builder-el-18  avia-builder-el-no-sibling '><span class='hr-inner ' ><span class='hr-inner-style'><\/span><\/span><\/div><\/div>\n\n<\/div><\/div><\/div><!-- close content main div --><\/div><\/div><div id='av-layout-grid-3'  class='av-layout-grid-container entry-content-wrapper main_color av-flex-cells     avia-builder-el-19  el_after_av_section  avia-builder-el-last  submenu-not-first container_wrap fullsize' style=' '  >\n<div class=\"flex_cell no_margin av_two_third  avia-builder-el-20  el_before_av_cell_one_third  avia-builder-el-first   avia-full-stretch \"  style='vertical-align:top; padding:0px 0px 0px 0px ; ' ><div class='flex_cell_inner' ><div  class='avia-image-container  av-styling-   av-small-hide av-mini-hide  avia-builder-el-21  avia-builder-el-no-sibling  margin-bottom-0 avia-align- '  itemprop=\"image\" itemscope=\"itemscope\" itemtype=\"https:\/\/schema.org\/ImageObject\"  ><div class='avia-image-container-inner'><div class='avia-image-overlay-wrap'><img class='avia_image' src='https:\/\/aarch.dk\/wp-content\/uploads\/2022\/09\/KV_1280x600_06_turkis.jpg' alt='Presentation at the career workshop' title='KV_1280x600_06_turkis' height=\"600\" width=\"1280\"  itemprop=\"thumbnailUrl\"  \/><\/div><\/div><\/div>\n<\/div><\/div><div class=\"flex_cell no_margin av_one_third  avia-builder-el-22  el_after_av_cell_two_third  avia-builder-el-last   av-zero-padding \"  style='vertical-align:top; padding:0px; ' ><div class='flex_cell_inner' ><div  class='avia-image-container  av-styling-   av-small-hide av-mini-hide  avia-builder-el-23  avia-builder-el-no-sibling  margin-bottom-0 avia-align- '  itemprop=\"image\" itemscope=\"itemscope\" itemtype=\"https:\/\/schema.org\/ImageObject\"  ><div class='avia-image-container-inner'><div class='avia-image-overlay-wrap'><img class='avia_image' src='https:\/\/aarch.dk\/wp-content\/uploads\/2022\/07\/Karrierev\u00e6rkstedet_onsite_lille.png' alt='Career Workshop touring at Sleth Architects' title='Karrierev\u00e6rkstedet_onsite_lille' height=\"1144\" width=\"1220\"  itemprop=\"thumbnailUrl\"  \/><\/div><\/div><\/div>\n<\/div><\/div>\n<\/div>\n","protected":false},"excerpt":{"rendered":"","protected":false},"author":6,"featured_media":163174,"parent":0,"menu_order":0,"comment_status":"closed","ping_status":"closed","template":"","meta":{"_acf_changed":false,"footnotes":""},"class_list":["post-161558","page","type-page","status-publish","has-post-thumbnail","hentry"],"yoast_head":"<!-- This site is optimized with the Yoast SEO plugin v27.2 - https:\/\/yoast.com\/product\/yoast-seo-wordpress\/ -->\n<title>Karrierev\u00e6rkstedet - Aarhus School of Architecture<\/title>\n<meta name=\"description\" content=\"Laboratorium for innovation og kreativitet Danmark er et nationalt initiativ, der fremmer udvikling og besk\u00e6ftigelse indenfor de kreative erhverv\" \/>\n<meta name=\"robots\" content=\"index, follow, max-snippet:-1, max-image-preview:large, max-video-preview:-1\" \/>\n<link rel=\"canonical\" href=\"https:\/\/aarch.dk\/en\/karrierevaerkstedet\/\" \/>\n<meta property=\"og:locale\" content=\"en_US\" \/>\n<meta property=\"og:type\" content=\"article\" \/>\n<meta property=\"og:title\" content=\"Karrierev\u00e6rkstedet - Aarhus School of Architecture\" \/>\n<meta property=\"og:description\" content=\"Laboratorium for innovation og kreativitet Danmark er et nationalt initiativ, der fremmer udvikling og besk\u00e6ftigelse indenfor de kreative erhverv\" \/>\n<meta property=\"og:url\" content=\"https:\/\/aarch.dk\/en\/karrierevaerkstedet\/\" \/>\n<meta property=\"og:site_name\" content=\"Aarhus School of Architecture\" \/>\n<meta property=\"article:modified_time\" content=\"2024-08-19T12:24:21+00:00\" \/>\n<meta property=\"og:image\" content=\"https:\/\/aarch.dk\/wp-content\/uploads\/2022\/09\/Vejledning_fulldwidth_1920x700_turkis.jpg\" \/>\n\t<meta property=\"og:image:width\" content=\"1920\" \/>\n\t<meta property=\"og:image:height\" content=\"700\" \/>\n\t<meta property=\"og:image:type\" content=\"image\/jpeg\" \/>\n<meta name=\"twitter:card\" content=\"summary_large_image\" \/>\n<meta name=\"twitter:label1\" content=\"Est. reading time\" \/>\n\t<meta name=\"twitter:data1\" content=\"9 minutes\" \/>\n<script type=\"application\/ld+json\" class=\"yoast-schema-graph\">{\"@context\":\"https:\/\/schema.org\",\"@graph\":[{\"@type\":\"WebPage\",\"@id\":\"https:\/\/aarch.dk\/en\/karrierevaerkstedet\/\",\"url\":\"https:\/\/aarch.dk\/en\/karrierevaerkstedet\/\",\"name\":\"Karrierev\u00e6rkstedet - Aarhus School of Architecture\",\"isPartOf\":{\"@id\":\"https:\/\/aarch.dk\/#website\"},\"primaryImageOfPage\":{\"@id\":\"https:\/\/aarch.dk\/en\/karrierevaerkstedet\/#primaryimage\"},\"image\":{\"@id\":\"https:\/\/aarch.dk\/en\/karrierevaerkstedet\/#primaryimage\"},\"thumbnailUrl\":\"https:\/\/aarch.dk\/wp-content\/uploads\/2022\/09\/Vejledning_fulldwidth_1920x700_turkis.jpg\",\"datePublished\":\"2022-07-22T08:23:12+00:00\",\"dateModified\":\"2024-08-19T12:24:21+00:00\",\"description\":\"Laboratorium for innovation og kreativitet Danmark er et nationalt initiativ, der fremmer udvikling og besk\u00e6ftigelse indenfor de kreative erhverv\",\"breadcrumb\":{\"@id\":\"https:\/\/aarch.dk\/en\/karrierevaerkstedet\/#breadcrumb\"},\"inLanguage\":\"en-US\",\"potentialAction\":[{\"@type\":\"ReadAction\",\"target\":[\"https:\/\/aarch.dk\/en\/karrierevaerkstedet\/\"]}]},{\"@type\":\"ImageObject\",\"inLanguage\":\"en-US\",\"@id\":\"https:\/\/aarch.dk\/en\/karrierevaerkstedet\/#primaryimage\",\"url\":\"https:\/\/aarch.dk\/wp-content\/uploads\/2022\/09\/Vejledning_fulldwidth_1920x700_turkis.jpg\",\"contentUrl\":\"https:\/\/aarch.dk\/wp-content\/uploads\/2022\/09\/Vejledning_fulldwidth_1920x700_turkis.jpg\",\"width\":1920,\"height\":700,\"caption\":\"Karrierev\u00e6rkstedet\"},{\"@type\":\"BreadcrumbList\",\"@id\":\"https:\/\/aarch.dk\/en\/karrierevaerkstedet\/#breadcrumb\",\"itemListElement\":[{\"@type\":\"ListItem\",\"position\":1,\"name\":\"Home\",\"item\":\"https:\/\/aarch.dk\/en\/\"},{\"@type\":\"ListItem\",\"position\":2,\"name\":\"Karrierev\u00e6rkstedet\"}]},{\"@type\":\"WebSite\",\"@id\":\"https:\/\/aarch.dk\/#website\",\"url\":\"https:\/\/aarch.dk\/\",\"name\":\"Aarhus School of Architecture\",\"description\":\"\",\"potentialAction\":[{\"@type\":\"SearchAction\",\"target\":{\"@type\":\"EntryPoint\",\"urlTemplate\":\"https:\/\/aarch.dk\/?s={search_term_string}\"},\"query-input\":{\"@type\":\"PropertyValueSpecification\",\"valueRequired\":true,\"valueName\":\"search_term_string\"}}],\"inLanguage\":\"en-US\"}]}<\/script>\n<!-- \/ Yoast SEO plugin. -->","yoast_head_json":{"title":"Karrierev\u00e6rkstedet - Aarhus School of Architecture","description":"Laboratorium for innovation og kreativitet Danmark er et nationalt initiativ, der fremmer udvikling og besk\u00e6ftigelse indenfor de kreative erhverv","robots":{"index":"index","follow":"follow","max-snippet":"max-snippet:-1","max-image-preview":"max-image-preview:large","max-video-preview":"max-video-preview:-1"},"canonical":"https:\/\/aarch.dk\/en\/karrierevaerkstedet\/","og_locale":"en_US","og_type":"article","og_title":"Karrierev\u00e6rkstedet - Aarhus School of Architecture","og_description":"Laboratorium for innovation og kreativitet Danmark er et nationalt initiativ, der fremmer udvikling og besk\u00e6ftigelse indenfor de kreative erhverv","og_url":"https:\/\/aarch.dk\/en\/karrierevaerkstedet\/","og_site_name":"Aarhus School of Architecture","article_modified_time":"2024-08-19T12:24:21+00:00","og_image":[{"width":1920,"height":700,"url":"https:\/\/aarch.dk\/wp-content\/uploads\/2022\/09\/Vejledning_fulldwidth_1920x700_turkis.jpg","type":"image\/jpeg"}],"twitter_card":"summary_large_image","twitter_misc":{"Est. reading time":"9 minutes"},"schema":{"@context":"https:\/\/schema.org","@graph":[{"@type":"WebPage","@id":"https:\/\/aarch.dk\/en\/karrierevaerkstedet\/","url":"https:\/\/aarch.dk\/en\/karrierevaerkstedet\/","name":"Karrierev\u00e6rkstedet - Aarhus School of Architecture","isPartOf":{"@id":"https:\/\/aarch.dk\/#website"},"primaryImageOfPage":{"@id":"https:\/\/aarch.dk\/en\/karrierevaerkstedet\/#primaryimage"},"image":{"@id":"https:\/\/aarch.dk\/en\/karrierevaerkstedet\/#primaryimage"},"thumbnailUrl":"https:\/\/aarch.dk\/wp-content\/uploads\/2022\/09\/Vejledning_fulldwidth_1920x700_turkis.jpg","datePublished":"2022-07-22T08:23:12+00:00","dateModified":"2024-08-19T12:24:21+00:00","description":"Laboratorium for innovation og kreativitet Danmark er et nationalt initiativ, der fremmer udvikling og besk\u00e6ftigelse indenfor de kreative erhverv","breadcrumb":{"@id":"https:\/\/aarch.dk\/en\/karrierevaerkstedet\/#breadcrumb"},"inLanguage":"en-US","potentialAction":[{"@type":"ReadAction","target":["https:\/\/aarch.dk\/en\/karrierevaerkstedet\/"]}]},{"@type":"ImageObject","inLanguage":"en-US","@id":"https:\/\/aarch.dk\/en\/karrierevaerkstedet\/#primaryimage","url":"https:\/\/aarch.dk\/wp-content\/uploads\/2022\/09\/Vejledning_fulldwidth_1920x700_turkis.jpg","contentUrl":"https:\/\/aarch.dk\/wp-content\/uploads\/2022\/09\/Vejledning_fulldwidth_1920x700_turkis.jpg","width":1920,"height":700,"caption":"Karrierev\u00e6rkstedet"},{"@type":"BreadcrumbList","@id":"https:\/\/aarch.dk\/en\/karrierevaerkstedet\/#breadcrumb","itemListElement":[{"@type":"ListItem","position":1,"name":"Home","item":"https:\/\/aarch.dk\/en\/"},{"@type":"ListItem","position":2,"name":"Karrierev\u00e6rkstedet"}]},{"@type":"WebSite","@id":"https:\/\/aarch.dk\/#website","url":"https:\/\/aarch.dk\/","name":"Aarhus School of Architecture","description":"","potentialAction":[{"@type":"SearchAction","target":{"@type":"EntryPoint","urlTemplate":"https:\/\/aarch.dk\/?s={search_term_string}"},"query-input":{"@type":"PropertyValueSpecification","valueRequired":true,"valueName":"search_term_string"}}],"inLanguage":"en-US"}]}},"acf":[],"_links":{"self":[{"href":"https:\/\/aarch.dk\/en\/wp-json\/wp\/v2\/pages\/161558","targetHints":{"allow":["GET"]}}],"collection":[{"href":"https:\/\/aarch.dk\/en\/wp-json\/wp\/v2\/pages"}],"about":[{"href":"https:\/\/aarch.dk\/en\/wp-json\/wp\/v2\/types\/page"}],"author":[{"embeddable":true,"href":"https:\/\/aarch.dk\/en\/wp-json\/wp\/v2\/users\/6"}],"replies":[{"embeddable":true,"href":"https:\/\/aarch.dk\/en\/wp-json\/wp\/v2\/comments?post=161558"}],"version-history":[{"count":23,"href":"https:\/\/aarch.dk\/en\/wp-json\/wp\/v2\/pages\/161558\/revisions"}],"predecessor-version":[{"id":224681,"href":"https:\/\/aarch.dk\/en\/wp-json\/wp\/v2\/pages\/161558\/revisions\/224681"}],"wp:featuredmedia":[{"embeddable":true,"href":"https:\/\/aarch.dk\/en\/wp-json\/wp\/v2\/media\/163174"}],"wp:attachment":[{"href":"https:\/\/aarch.dk\/en\/wp-json\/wp\/v2\/media?parent=161558"}],"curies":[{"name":"wp","href":"https:\/\/api.w.org\/{rel}","templated":true}]}}