{"id":257843,"date":"2025-12-17T07:11:07","date_gmt":"2025-12-17T06:11:07","guid":{"rendered":"https:\/\/aarch.dk\/?post_type=product&#038;p=257843"},"modified":"2025-12-17T13:32:18","modified_gmt":"2025-12-17T12:32:18","slug":"randers-tegl-foerste-aar","status":"publish","type":"product","link":"https:\/\/aarch.dk\/en\/product\/randers-tegl-foerste-aar\/","title":{"rendered":"Randers Tegl &#8211; F\u00f8rste \u00e5r"},"content":{"rendered":"","protected":false},"excerpt":{"rendered":"<p>1. \u00e5rs studietur med bus til Randers Tegl d. 7 Januar 2026<\/p>\n","protected":false},"featured_media":257842,"template":"","meta":{"_acf_changed":false},"product_brand":[],"product_cat":[1143],"product_tag":[],"class_list":{"0":"post-257843","1":"product","2":"type-product","3":"status-publish","4":"has-post-thumbnail","6":"product_cat-study-trip-en","8":"first","9":"instock","10":"shipping-taxable","11":"purchasable","12":"product-type-simple"},"yoast_head":"<!-- This site is optimized with the Yoast SEO plugin v27.2 - https:\/\/yoast.com\/product\/yoast-seo-wordpress\/ -->\n<title>Randers Tegl - F\u00f8rste \u00e5r - Aarhus School of Architecture<\/title>\n<meta name=\"robots\" content=\"noindex, follow\" \/>\n<meta property=\"og:locale\" content=\"en_US\" \/>\n<meta property=\"og:type\" content=\"article\" \/>\n<meta property=\"og:title\" content=\"Randers Tegl - F\u00f8rste \u00e5r - Aarhus School of Architecture\" \/>\n<meta property=\"og:description\" content=\"1. \u00e5rs studietur med bus til Randers Tegl d. 7 Januar 2026\" \/>\n<meta property=\"og:url\" content=\"https:\/\/aarch.dk\/en\/product\/randers-tegl-foerste-aar\/\" \/>\n<meta property=\"og:site_name\" content=\"Aarhus School of Architecture\" \/>\n<meta property=\"article:modified_time\" content=\"2025-12-17T12:32:18+00:00\" \/>\n<meta property=\"og:image\" content=\"https:\/\/aarch.dk\/wp-content\/uploads\/2025\/12\/RandersTegl_Since1911_sort_orange.jpg\" \/>\n\t<meta property=\"og:image:width\" content=\"2040\" \/>\n\t<meta property=\"og:image:height\" content=\"696\" \/>\n\t<meta property=\"og:image:type\" content=\"image\/jpeg\" \/>\n<meta name=\"twitter:card\" content=\"summary_large_image\" \/>\n<script type=\"application\/ld+json\" class=\"yoast-schema-graph\">{\"@context\":\"https:\/\/schema.org\",\"@graph\":[{\"@type\":\"WebPage\",\"@id\":\"https:\/\/aarch.dk\/en\/product\/randers-tegl-foerste-aar\/\",\"url\":\"https:\/\/aarch.dk\/en\/product\/randers-tegl-foerste-aar\/\",\"name\":\"Randers Tegl - F\u00f8rste \u00e5r - Aarhus School of Architecture\",\"isPartOf\":{\"@id\":\"https:\/\/aarch.dk\/#website\"},\"primaryImageOfPage\":{\"@id\":\"https:\/\/aarch.dk\/en\/product\/randers-tegl-foerste-aar\/#primaryimage\"},\"image\":{\"@id\":\"https:\/\/aarch.dk\/en\/product\/randers-tegl-foerste-aar\/#primaryimage\"},\"thumbnailUrl\":\"https:\/\/aarch.dk\/wp-content\/uploads\/2025\/12\/RandersTegl_Since1911_sort_orange.jpg\",\"datePublished\":\"2025-12-17T06:11:07+00:00\",\"dateModified\":\"2025-12-17T12:32:18+00:00\",\"breadcrumb\":{\"@id\":\"https:\/\/aarch.dk\/en\/product\/randers-tegl-foerste-aar\/#breadcrumb\"},\"inLanguage\":\"en-US\",\"potentialAction\":[{\"@type\":\"ReadAction\",\"target\":[\"https:\/\/aarch.dk\/en\/product\/randers-tegl-foerste-aar\/\"]}]},{\"@type\":\"ImageObject\",\"inLanguage\":\"en-US\",\"@id\":\"https:\/\/aarch.dk\/en\/product\/randers-tegl-foerste-aar\/#primaryimage\",\"url\":\"https:\/\/aarch.dk\/wp-content\/uploads\/2025\/12\/RandersTegl_Since1911_sort_orange.jpg\",\"contentUrl\":\"https:\/\/aarch.dk\/wp-content\/uploads\/2025\/12\/RandersTegl_Since1911_sort_orange.jpg\",\"width\":2040,\"height\":696},{\"@type\":\"BreadcrumbList\",\"@id\":\"https:\/\/aarch.dk\/en\/product\/randers-tegl-foerste-aar\/#breadcrumb\",\"itemListElement\":[{\"@type\":\"ListItem\",\"position\":1,\"name\":\"Home\",\"item\":\"https:\/\/aarch.dk\/en\/\"},{\"@type\":\"ListItem\",\"position\":2,\"name\":\"Privat: shop\",\"item\":\"https:\/\/aarch.dk\/?page_id=7726\"},{\"@type\":\"ListItem\",\"position\":3,\"name\":\"Randers Tegl &#8211; F\u00f8rste \u00e5r\"}]},{\"@type\":\"WebSite\",\"@id\":\"https:\/\/aarch.dk\/#website\",\"url\":\"https:\/\/aarch.dk\/\",\"name\":\"Aarhus School of Architecture\",\"description\":\"\",\"potentialAction\":[{\"@type\":\"SearchAction\",\"target\":{\"@type\":\"EntryPoint\",\"urlTemplate\":\"https:\/\/aarch.dk\/?s={search_term_string}\"},\"query-input\":{\"@type\":\"PropertyValueSpecification\",\"valueRequired\":true,\"valueName\":\"search_term_string\"}}],\"inLanguage\":\"en-US\"}]}<\/script>\n<!-- \/ Yoast SEO plugin. -->","yoast_head_json":{"title":"Randers Tegl - F\u00f8rste \u00e5r - Aarhus School of Architecture","robots":{"index":"noindex","follow":"follow"},"og_locale":"en_US","og_type":"article","og_title":"Randers Tegl - F\u00f8rste \u00e5r - Aarhus School of Architecture","og_description":"1. \u00e5rs studietur med bus til Randers Tegl d. 7 Januar 2026","og_url":"https:\/\/aarch.dk\/en\/product\/randers-tegl-foerste-aar\/","og_site_name":"Aarhus School of Architecture","article_modified_time":"2025-12-17T12:32:18+00:00","og_image":[{"width":2040,"height":696,"url":"https:\/\/aarch.dk\/wp-content\/uploads\/2025\/12\/RandersTegl_Since1911_sort_orange.jpg","type":"image\/jpeg"}],"twitter_card":"summary_large_image","schema":{"@context":"https:\/\/schema.org","@graph":[{"@type":"WebPage","@id":"https:\/\/aarch.dk\/en\/product\/randers-tegl-foerste-aar\/","url":"https:\/\/aarch.dk\/en\/product\/randers-tegl-foerste-aar\/","name":"Randers Tegl - F\u00f8rste \u00e5r - Aarhus School of Architecture","isPartOf":{"@id":"https:\/\/aarch.dk\/#website"},"primaryImageOfPage":{"@id":"https:\/\/aarch.dk\/en\/product\/randers-tegl-foerste-aar\/#primaryimage"},"image":{"@id":"https:\/\/aarch.dk\/en\/product\/randers-tegl-foerste-aar\/#primaryimage"},"thumbnailUrl":"https:\/\/aarch.dk\/wp-content\/uploads\/2025\/12\/RandersTegl_Since1911_sort_orange.jpg","datePublished":"2025-12-17T06:11:07+00:00","dateModified":"2025-12-17T12:32:18+00:00","breadcrumb":{"@id":"https:\/\/aarch.dk\/en\/product\/randers-tegl-foerste-aar\/#breadcrumb"},"inLanguage":"en-US","potentialAction":[{"@type":"ReadAction","target":["https:\/\/aarch.dk\/en\/product\/randers-tegl-foerste-aar\/"]}]},{"@type":"ImageObject","inLanguage":"en-US","@id":"https:\/\/aarch.dk\/en\/product\/randers-tegl-foerste-aar\/#primaryimage","url":"https:\/\/aarch.dk\/wp-content\/uploads\/2025\/12\/RandersTegl_Since1911_sort_orange.jpg","contentUrl":"https:\/\/aarch.dk\/wp-content\/uploads\/2025\/12\/RandersTegl_Since1911_sort_orange.jpg","width":2040,"height":696},{"@type":"BreadcrumbList","@id":"https:\/\/aarch.dk\/en\/product\/randers-tegl-foerste-aar\/#breadcrumb","itemListElement":[{"@type":"ListItem","position":1,"name":"Home","item":"https:\/\/aarch.dk\/en\/"},{"@type":"ListItem","position":2,"name":"Privat: shop","item":"https:\/\/aarch.dk\/?page_id=7726"},{"@type":"ListItem","position":3,"name":"Randers Tegl &#8211; F\u00f8rste \u00e5r"}]},{"@type":"WebSite","@id":"https:\/\/aarch.dk\/#website","url":"https:\/\/aarch.dk\/","name":"Aarhus School of Architecture","description":"","potentialAction":[{"@type":"SearchAction","target":{"@type":"EntryPoint","urlTemplate":"https:\/\/aarch.dk\/?s={search_term_string}"},"query-input":{"@type":"PropertyValueSpecification","valueRequired":true,"valueName":"search_term_string"}}],"inLanguage":"en-US"}]}},"acf":[],"_links":{"self":[{"href":"https:\/\/aarch.dk\/en\/wp-json\/wp\/v2\/product\/257843","targetHints":{"allow":["GET"]}}],"collection":[{"href":"https:\/\/aarch.dk\/en\/wp-json\/wp\/v2\/product"}],"about":[{"href":"https:\/\/aarch.dk\/en\/wp-json\/wp\/v2\/types\/product"}],"wp:featuredmedia":[{"embeddable":true,"href":"https:\/\/aarch.dk\/en\/wp-json\/wp\/v2\/media\/257842"}],"wp:attachment":[{"href":"https:\/\/aarch.dk\/en\/wp-json\/wp\/v2\/media?parent=257843"}],"wp:term":[{"taxonomy":"product_brand","embeddable":true,"href":"https:\/\/aarch.dk\/en\/wp-json\/wp\/v2\/product_brand?post=257843"},{"taxonomy":"product_cat","embeddable":true,"href":"https:\/\/aarch.dk\/en\/wp-json\/wp\/v2\/product_cat?post=257843"},{"taxonomy":"product_tag","embeddable":true,"href":"https:\/\/aarch.dk\/en\/wp-json\/wp\/v2\/product_tag?post=257843"}],"curies":[{"name":"wp","href":"https:\/\/api.w.org\/{rel}","templated":true}]}}